{"id":5707,"date":"2018-12-07T09:05:09","date_gmt":"2018-12-07T08:05:09","guid":{"rendered":"https:\/\/bcover.be\/privacy-beleid-bcover\/"},"modified":"2025-12-10T12:45:52","modified_gmt":"2025-12-10T11:45:52","slug":"politique-de-confidentialite","status":"publish","type":"page","link":"https:\/\/bcover.be\/fr\/politique-de-confidentialite\/","title":{"rendered":"Politique de confidentialit\u00e9"},"content":{"rendered":"<div id=\"cs-content\" class=\"cs-content\"><\/div>\n","protected":false},"excerpt":{"rendered":"<p>B&rsquo;Cover by Baloise Politique de confidentialit\u00e9 B&rsquo;Cover by Baloise est soucieuse du respect de votre vie priv\u00e9e. Dans le pr\u00e9sent document, nous expliquons la fa\u00e7on dont nous collectons, traitons et utilisons vos donn\u00e9es \u00e0 caract\u00e8re personnel, de m\u00eame que les proc\u00e9dures mises en place pour garantir votre droit \u00e0 la confidentialit\u00e9. Le pr\u00e9sent document constitue la politique g\u00e9n\u00e9rale du bureau &#8230;<\/p>\n","protected":false},"author":21,"featured_media":0,"parent":0,"menu_order":0,"comment_status":"closed","ping_status":"closed","template":"template-blank-4.php","meta":{"_seopress_robots_primary_cat":"","_seopress_titles_title":"","_seopress_titles_desc":"","_seopress_robots_index":"","rs_blank_template":"","rs_page_bg_color":"","slide_template_v7":"","footnotes":""},"class_list":["post-5707","page","type-page","status-publish","hentry","no-post-thumbnail"],"_links":{"self":[{"href":"https:\/\/bcover.be\/fr\/wp-json\/wp\/v2\/pages\/5707","targetHints":{"allow":["GET"]}}],"collection":[{"href":"https:\/\/bcover.be\/fr\/wp-json\/wp\/v2\/pages"}],"about":[{"href":"https:\/\/bcover.be\/fr\/wp-json\/wp\/v2\/types\/page"}],"author":[{"embeddable":true,"href":"https:\/\/bcover.be\/fr\/wp-json\/wp\/v2\/users\/21"}],"replies":[{"embeddable":true,"href":"https:\/\/bcover.be\/fr\/wp-json\/wp\/v2\/comments?post=5707"}],"version-history":[{"count":14,"href":"https:\/\/bcover.be\/fr\/wp-json\/wp\/v2\/pages\/5707\/revisions"}],"predecessor-version":[{"id":8303,"href":"https:\/\/bcover.be\/fr\/wp-json\/wp\/v2\/pages\/5707\/revisions\/8303"}],"wp:attachment":[{"href":"https:\/\/bcover.be\/fr\/wp-json\/wp\/v2\/media?parent=5707"}],"curies":[{"name":"wp","href":"https:\/\/api.w.org\/{rel}","templated":true}]}}