{"id":6364,"date":"2018-12-14T09:20:24","date_gmt":"2018-12-14T08:20:24","guid":{"rendered":"https:\/\/bcover.be\/taxatie-gebouwen\/"},"modified":"2025-12-10T11:36:03","modified_gmt":"2025-12-10T10:36:03","slug":"expertise-batiments","status":"publish","type":"page","link":"https:\/\/bcover.be\/fr\/expertise-batiments\/","title":{"rendered":"Expertise b\u00e2timents"},"content":{"rendered":"<div id=\"cs-content\" class=\"cs-content\"><\/div>\n","protected":false},"excerpt":{"rendered":"<p>Expertise Expertise des b&acirc;timentsB&rsquo;Cover by Baloise expertise Les statuts des immeubles d&rsquo;appartements obligent d&rsquo;assurer les b\u00e2timents en valeur \u00e0 neuf. Cela signifie que la valeur assur\u00e9e du b\u00e2timent doit correspondre au montant n\u00e9cessaire pour sa reconstruction \u00e0 l&rsquo;\u00e9tat neuf, y compris les honoraires des architectes et des bureaux d&rsquo;\u00e9tudes. Conform\u00e9ment chapitre 3.A.2. des Conditions G\u00e9n\u00e9rales B&rsquo;Property Building, les montants assur\u00e9s &#8230;<\/p>\n","protected":false},"author":21,"featured_media":0,"parent":0,"menu_order":0,"comment_status":"closed","ping_status":"closed","template":"template-blank-4.php","meta":{"_seopress_robots_primary_cat":"","_seopress_titles_title":"","_seopress_titles_desc":"","_seopress_robots_index":"","rs_blank_template":"","rs_page_bg_color":"","slide_template_v7":"","footnotes":""},"class_list":["post-6364","page","type-page","status-publish","hentry","no-post-thumbnail"],"_links":{"self":[{"href":"https:\/\/bcover.be\/fr\/wp-json\/wp\/v2\/pages\/6364","targetHints":{"allow":["GET"]}}],"collection":[{"href":"https:\/\/bcover.be\/fr\/wp-json\/wp\/v2\/pages"}],"about":[{"href":"https:\/\/bcover.be\/fr\/wp-json\/wp\/v2\/types\/page"}],"author":[{"embeddable":true,"href":"https:\/\/bcover.be\/fr\/wp-json\/wp\/v2\/users\/21"}],"replies":[{"embeddable":true,"href":"https:\/\/bcover.be\/fr\/wp-json\/wp\/v2\/comments?post=6364"}],"version-history":[{"count":14,"href":"https:\/\/bcover.be\/fr\/wp-json\/wp\/v2\/pages\/6364\/revisions"}],"predecessor-version":[{"id":8290,"href":"https:\/\/bcover.be\/fr\/wp-json\/wp\/v2\/pages\/6364\/revisions\/8290"}],"wp:attachment":[{"href":"https:\/\/bcover.be\/fr\/wp-json\/wp\/v2\/media?parent=6364"}],"curies":[{"name":"wp","href":"https:\/\/api.w.org\/{rel}","templated":true}]}}